{"id":2389,"date":"2023-03-23T21:31:42","date_gmt":"2023-03-23T20:31:42","guid":{"rendered":"https:\/\/agalmalt.com\/?page_id=2389"},"modified":"2023-03-23T21:31:44","modified_gmt":"2023-03-23T20:31:44","slug":"cgv","status":"publish","type":"page","link":"https:\/\/agalmalt.com\/fr\/cgv\/","title":{"rendered":"CGV"},"content":{"rendered":"<p>[et_pb_section fb_built=\u00a0\u00bb1&Prime; admin_label=\u00a0\u00bbsection\u00a0\u00bb _builder_version=\u00a0\u00bb4.16&Prime; global_colors_info=\u00a0\u00bb{}\u00a0\u00bb theme_builder_area=\u00a0\u00bbpost_content\u00a0\u00bb][et_pb_row admin_label=\u00a0\u00bbrow\u00a0\u00bb _builder_version=\u00a0\u00bb4.16&Prime; background_size=\u00a0\u00bbinitial\u00a0\u00bb background_position=\u00a0\u00bbtop_left\u00a0\u00bb background_repeat=\u00a0\u00bbrepeat\u00a0\u00bb global_colors_info=\u00a0\u00bb{}\u00a0\u00bb theme_builder_area=\u00a0\u00bbpost_content\u00a0\u00bb][et_pb_column type=\u00a0\u00bb4_4&Prime; _builder_version=\u00a0\u00bb4.16&Prime; custom_padding=\u00a0\u00bb|||\u00a0\u00bb global_colors_info=\u00a0\u00bb{}\u00a0\u00bb custom_padding__hover=\u00a0\u00bb|||\u00a0\u00bb theme_builder_area=\u00a0\u00bbpost_content\u00a0\u00bb][et_pb_text admin_label=\u00a0\u00bbText\u00a0\u00bb _builder_version=\u00a0\u00bb4.19.4&Prime; background_size=\u00a0\u00bbinitial\u00a0\u00bb background_position=\u00a0\u00bbtop_left\u00a0\u00bb background_repeat=\u00a0\u00bbrepeat\u00a0\u00bb hover_enabled=\u00a0\u00bb0&Prime; global_colors_info=\u00a0\u00bb{}\u00a0\u00bb theme_builder_area=\u00a0\u00bbpost_content\u00a0\u00bb sticky_enabled=\u00a0\u00bb0&Prime;]<!-- divi:heading --><\/p>\n<h2>CONDITIONS GENERALES ET PARTICULIERES DE VENTE<\/h2>\n<p>&nbsp;<\/p>\n<h2>DEFINITIONS GENERALES<\/h2>\n<p><!-- \/divi:heading --><!-- divi:paragraph --><\/p>\n<p>Agalmalt est le nom commercial de l\u2019entreprise individuelle repr\u00e9sent\u00e9e par Cedric Jamar, cr\u00e9\u00e9e le 1er janvier 2019 \u00e0 Bruxelles sous le num\u00e9ro d\u2019entreprise 0715.415.283. <span style=\"font-size: 16px;\">Son si\u00e8ge social<\/span> est <span style=\"font-size: 16px;\">105 rue de la victoire, 1060 Bruxelles.<\/span> Les coordonn\u00e9es bancaires de Agalmalt sont : BIC : BBRUBEBB \/ IBAN : BE79 3770 7855 9933 <\/p>\n<p>&nbsp;<\/p>\n<p>Ces conditions g\u00e9n\u00e9rales et particuli\u00e8res s\u2019appliquent \u00e0 toutes les activit\u00e9s et prestations commercialis\u00e9es par Agalmalt. Les termes \u00ab Activit\u00e9 \u00bb et \u00ab Prestation \u00bb font r\u00e9f\u00e9rence indiff\u00e9remment \u00e0 une visite, une d\u00e9gustation, un atelier, une formation, une animation, une activit\u00e9 d\u2019expertise ou de consulting, qu\u2019elle soit standardis\u00e9e ou sur mesure, et ce \u00e0 destination de particuliers ou d\u2019entreprises.<br \/>Les activit\u00e9s accessibles aux particuliers, en individuel ou en groupe, sont r\u00e9guli\u00e8rement propos\u00e9es \u00e0 l\u2019agenda et disponibles \u00e0 la r\u00e9servation via le site agalmalt.com. Le programme de ces activit\u00e9s ainsi que leurs modalit\u00e9s ne sont pas modifiables. However, any activity proposed on the site can be adapted to suit your needs.Cependant, toute activit\u00e9 propos\u00e9e sur le site est d\u00e9clinable \u00e0 l\u2019envi dans le cadre d\u2019activit\u00e9 sur mesure. Pour plus d\u2019information, nous contacter via l\u2019adresse email hello@agalmalt.com<br \/>L\u2019acheteur ou acheteuse reconna\u00eet avoir \u00e9t\u00e9 inform\u00e9.e et avoir accept\u00e9 le fait que Agalmalt soit le vendeur effectuant la pr\u00e9sente vente et par cons\u00e9quent toute vente effectu\u00e9e sur le site internet agalmalt.com est \u00e9galement soumise aux conditions g\u00e9n\u00e9rales et particuli\u00e8res de vente de Agalmalt.<\/p>\n<p>&nbsp;<\/p>\n<p><!-- \/divi:paragraph --><!-- divi:heading --><\/p>\n<h2>LIMITE DE RESPONSABILITE<\/h2>\n<p>Agalmalt ne peut \u00eatre tenu responsable d\u2019accidents ou autres dommages survenus durant ses prestations en cas de n\u00e9gligence, de non-respect des consignes ou de conduite inad\u00e9quate de la part des client.e.s. Le prestataire se r\u00e9serve la possibilit\u00e9 d\u2019interrompre ou d\u2019arr\u00eater l\u2019activit\u00e9 sans qu\u2019aucune poursuite ou qu\u2019aucun d\u00e9dommagement du client ne puisse \u00eatre envisag\u00e9.<\/p>\n<p>Les mineurs sont obligatoirement accompagn\u00e9s d\u2019un adulte. Leur participation se fait sous l\u2019enti\u00e8re responsabilit\u00e9 du parent ou de l&rsquo;accompagnant.e adulte. En aucun cas, le prestataire ne peut \u00eatre consid\u00e9r\u00e9 comme responsable de ceux-ci au sens de l&rsquo;article 1384 al. 2, 4 ou 5 du Code civil belge.<\/p>\n<p>Tout mat\u00e9riel mis \u00e0 disposition des client.e.s lors des activit\u00e9s reste la propri\u00e9t\u00e9 exclusive de Agalmalt ou de ses partenaires. Le ou la client.e s\u2019engage \u00e0 traiter le mat\u00e9riel mis \u00e0 sa disposition en bon p\u00e8re de famille. Il ou elle est responsable des dommages occasionn\u00e9s au mat\u00e9riel mis \u00e0 sa disposition durant toute la dur\u00e9e de l\u2019activit\u00e9, de son propre fait ou du fait d&rsquo;autrui. Les parents sont responsables des dommages occasionn\u00e9s au mat\u00e9riel pr\u00eat\u00e9 \u00e0 leurs enfants mineurs.<\/p>\n<h2>TARIFS<\/h2>\n<p>Les tarifs s\u2019entendent TTC et en Euros.<br \/>Agalmalt se r\u00e9serve le droit de modifier ses prix et ses conditions g\u00e9n\u00e9rales de vente \u00e0 tout moment. Cependant, les produits ou services sont factur\u00e9s sur la base des tarifs et conditions en vigueur au moment de l\u2019achat ou de l\u2019\u00e9mission du bon de commande.<\/p>\n<h2>RESERVATION, REGLEMENT, ANNULATION ET MODIFICATION<\/h2>\n<p><strong>Particuliers et prestations disponibles sur inscription<\/strong><\/p>\n<p>Le r\u00e8glement des prestations disponibles sur notre site et soumises \u00e0 inscription s\u2019effectue directement en ligne. . Les prestations ne seront r\u00e9put\u00e9es r\u00e9serv\u00e9es qu\u2019\u00e0 r\u00e9ception du r\u00e8glement. Un email de confirmation sera alors envoy\u00e9. Sans cet email, aucune prestation ne sera consid\u00e9r\u00e9e comme confirm\u00e9e. Sans cet email, aucune prestation ne sera consid\u00e9r\u00e9e comme confirm\u00e9e.<\/p>\n<p>Un paiement en esp\u00e8ce le jour de la prestation n\u2019est possible qu\u2019en cas de validation expresse et \u00e9crite du prestataire. Il est demand\u00e9 dans ce cas de faire l\u2019appoint. Toute personne se pr\u00e9sentant sans avoir r\u00e9gl\u00e9 au pr\u00e9alable la prestation et ne pr\u00e9sentant pas de moyen de paiement se verra refuser l\u2019acc\u00e8s sans aucune possibilit\u00e9 de r\u00e9clamation. Un re\u00e7u de paiement pourra \u00eatre remis sur demande \u00e0 toute personne r\u00e9glant la prestation.<br \/>Une r\u00e9servation individuelle \u00e0 une activit\u00e9 peut \u00eatre report\u00e9e \u00e0 une date ult\u00e9rieure, en fonction des disponibilit\u00e9s. La modification peut s\u2019effectuer via l\u2019espace client de l\u2019acheteur ou de l\u2019acheteuse pour les \u00e9v\u00e8nements r\u00e9serv\u00e9s en ligne ou en adressant par \u00e9crit \u00e0 <a href=\"mailto:hello@agalmalt.com\">hello@agalmalt.com.<\/a><\/p>\n<p>Toute demande de report ou d\u2019annulation soit s\u2019effectuer au plus tard 7 jours calendrier avant la date de la prestation. Aucune modification, sauf cas de force majeure d\u00fbment justifi\u00e9e (d\u00e9c\u00e8s d\u2019un proche, naissance de son enfant, hospitalisation..) ne sera admise moins de 7 jours calendrier avant la date retenue.<\/p>\n<p>Toute activit\u00e9 commenc\u00e9e est due dans son int\u00e9gralit\u00e9. En cas de retard de plus de 15 minutes sur le rendez-vous fix\u00e9, le prestataire est en droit de commencer l\u2019activit\u00e9 sans que cela ne donne droit \u00e0 une quelconque compensation ou un remboursement aux retardataires.<br \/><strong><\/strong><\/p>\n<p><strong>Groupes, entreprises et prestations disponibles sur mesure<\/strong><\/p>\n<p>Agalmalt propose \u00e9galement des activit\u00e9s et prestations sur mesure, aux particuliers comme aux entreprises. La r\u00e9servation, validation et confirmation d\u2019une prestation se fait sur la base d\u2019une offre de prix (\u00ab devis \u00bb) remise au client ou \u00e0 la cliente<\/p>\n<p>La r\u00e9servation de la prestation est confirm\u00e9e par un bon de commande sign\u00e9 pour accord par le ou la client.e. La r\u00e9servation est d\u00e9finitivement act\u00e9e apr\u00e8s le paiement d&rsquo;un acompte de 50% du montant total, et ce dans un d\u00e9lai de 15 jours minimum avant la date pr\u00e9vue de la prestation. Une facture finale sera envoy\u00e9e apr\u00e8s la r\u00e9alisation de la prestation, et payable \u00e0 r\u00e9ception si l\u2019int\u00e9gralit\u00e9 n\u2019a pas \u00e9t\u00e9 honor\u00e9e avant la prestation.<\/p>\n<p>La prestation est fix\u00e9e d\u2019un commun accord entre le ou la client.e et Agalmalt. Toute modification du fait du ou de la client.e est communiqu\u00e9e au plus vite par email \u00e0 Agalmalt et ce au plus tard 7 jours calendrier avant la date de la prestation. Agalmalt s\u2019efforce de prendre en compte les modifications souhait\u00e9es par le ou la client.e, mais ne peut garantir l\u2019ex\u00e9cution des modifications demand\u00e9es. <br \/>La prestation est notamment fix\u00e9e et son prix \u00e9tabli en fonction d\u2019un nombre de participant.e.s pr\u00e9cis\u00e9 \u00e0 la r\u00e9servation. En cas de changement sans pr\u00e9avis du fait du client ou de la cliente ni accord express \u00e9crit de la part d\u2019Agalmalt, Agalmalt ne pourra garantir ni le programme, ni le planning annonc\u00e9 et se r\u00e9serve le droit de facturer un suppl\u00e9ment.<\/p>\n<p>Aucune modification, sauf cas de force majeure d\u00fbment justifi\u00e9e (d\u00e9c\u00e8s d\u2019un proche, naissance de son enfant, hospitalisation\u2026), n\u2019est admise moins de 7 jours calendrier avant la date pr\u00e9vue de la prestation. <br \/>Le remboursement int\u00e9gral sera \u00e9galement r\u00e9alis\u00e9 si aucun accord ne peut \u00eatre trouv\u00e9 entre Agalmalt et le ou la client.e. <br \/>\u2022 \u00c0 30 jours calendrier ou plus avant la date de la prestation : pas de frais. <br \/>\u2022 Entre le 29\u00e8me et le 14\u00e8me jour calendrier avant la date de la prestation : 30% du co\u00fbt total.<br \/>\u2022 \u00c0 15 jours calendrier ou moins avant la date de la prestation : 100% du co\u00fbt total<\/p>\n<p><strong>Modification ou annulation du fait d\u2019Agalmalt<\/strong><\/p>\n<p>Agalmalt se r\u00e9serve le droit d\u2019annuler ou reporter une prestation jusqu\u2019\u00e0 48h ouvr\u00e9s avant la date pr\u00e9vue de la prestation en cas d\u2019un nombre insuffisant de participants (pour les activit\u00e9s disponibles sur inscriptions) et \u00e0 n\u2019importe quel moment et pour n\u2019importe quelle type de prestation en cas de force majeure. Agalmalt ne peut en aucun cas \u00eatre tenu responsable pour les frais engag\u00e9s par l\u2019acheteur ou l\u2019acheteuse afin d\u2019assister \u00e0 la prestation. <br \/>En cas d\u2019annulation du fait de l\u2019entreprise Agalmalt un report sur des dates \u00e0 valider avec le ou la client.e ou sur une prestation \u00e9quivalente sera propos\u00e9e. Full reimbursement will also be made if no agreement can be found between Agalmalt and the customer.<\/p>\n<p>&nbsp;<\/p>\n<p><strong><\/strong><\/p>\n<p>&nbsp;<\/p>\n<p>&nbsp;<\/p>\n<p>&nbsp;<\/p>\n<p>&nbsp;<\/p>\n<p>&nbsp;<\/p>\n<p>&nbsp;<\/p>\n<p>&nbsp;<\/p>\n<p>&nbsp;<\/p>\n<p>&nbsp;<\/p>\n<p>&nbsp;<\/p>\n<p>&nbsp;<\/p>\n<p>&nbsp;<\/p>\n<p>&nbsp;<\/p>\n<p>&nbsp;<\/p>\n<p>&nbsp;<\/p>\n<p>&nbsp;<\/p>\n<p>&nbsp;<\/p>\n<p>&nbsp;<\/p>\n<p>&nbsp;<\/p>\n<p>&nbsp;<\/p>\n<p>&nbsp;<\/p>\n<p>&nbsp;<\/p>\n<p><!-- \/divi:heading -->[\/et_pb_text][\/et_pb_column][\/et_pb_row][\/et_pb_section]<\/p>\n","protected":false},"excerpt":{"rendered":"<p>CONDITIONS GENERALES ET PARTICULIERES DE VENTE &nbsp; DEFINITIONS GENERALES Agalmalt est le nom commercial de l\u2019entreprise individuelle repr\u00e9sent\u00e9e par Cedric Jamar, cr\u00e9\u00e9e le 1er janvier 2019 \u00e0 Bruxelles sous le num\u00e9ro d\u2019entreprise 0715.415.283. Son si\u00e8ge social est 105 rue de la victoire, 1060 Bruxelles. Les coordonn\u00e9es bancaires de Agalmalt sont : BIC : BBRUBEBB \/ [&hellip;]<\/p>\n","protected":false},"author":1,"featured_media":0,"parent":0,"menu_order":0,"comment_status":"closed","ping_status":"closed","template":"","meta":{"_et_pb_use_builder":"on","_et_pb_old_content":"","_et_gb_content_width":"","footnotes":""},"_links":{"self":[{"href":"https:\/\/agalmalt.com\/fr\/wp-json\/wp\/v2\/pages\/2389"}],"collection":[{"href":"https:\/\/agalmalt.com\/fr\/wp-json\/wp\/v2\/pages"}],"about":[{"href":"https:\/\/agalmalt.com\/fr\/wp-json\/wp\/v2\/types\/page"}],"author":[{"embeddable":true,"href":"https:\/\/agalmalt.com\/fr\/wp-json\/wp\/v2\/users\/1"}],"replies":[{"embeddable":true,"href":"https:\/\/agalmalt.com\/fr\/wp-json\/wp\/v2\/comments?post=2389"}],"version-history":[{"count":20,"href":"https:\/\/agalmalt.com\/fr\/wp-json\/wp\/v2\/pages\/2389\/revisions"}],"predecessor-version":[{"id":2428,"href":"https:\/\/agalmalt.com\/fr\/wp-json\/wp\/v2\/pages\/2389\/revisions\/2428"}],"wp:attachment":[{"href":"https:\/\/agalmalt.com\/fr\/wp-json\/wp\/v2\/media?parent=2389"}],"curies":[{"name":"wp","href":"https:\/\/api.w.org\/{rel}","templated":true}]}}