{"id":1955,"date":"2022-11-22T23:11:03","date_gmt":"2022-11-22T22:11:03","guid":{"rendered":"https:\/\/agalmalt.com\/events\/"},"modified":"2022-11-23T01:22:14","modified_gmt":"2022-11-23T00:22:14","slug":"evenements-agalmalt","status":"publish","type":"page","link":"https:\/\/agalmalt.com\/fr\/evenements-agalmalt\/","title":{"rendered":"\u00c9v\u00e8nements"},"content":{"rendered":"<p>[et_pb_section fb_built=\u00a0\u00bb1&Prime; next_background_color=\u00a0\u00bb#ffffff\u00a0\u00bb admin_label=\u00a0\u00bbHero Section\u00a0\u00bb _builder_version=\u00a0\u00bb4.19.0&Prime; use_background_color_gradient=\u00a0\u00bbon\u00a0\u00bb background_color_gradient_stops=\u00a0\u00bbrgba(0,0,0,0.4) 0%|rgba(0,0,0,0.4) 100%\u00a0\u00bb background_color_gradient_overlays_image=\u00a0\u00bbon\u00a0\u00bb background_color_gradient_start=\u00a0\u00bbrgba(0,0,0,0.4)\u00a0\u00bb background_color_gradient_end=\u00a0\u00bbrgba(0,0,0,0.4)\u00a0\u00bb background_image=\u00a0\u00bbhttp:\/\/agalmalt.com\/apparence\/uploads\/2020\/02\/14976824_1157019581000508_2171802574516512922_o.jpg\u00a0\u00bb background_position=\u00a0\u00bbcenter_right\u00a0\u00bb custom_padding=\u00a0\u00bb6%||6%|\u00a0\u00bb bottom_divider_style=\u00a0\u00bbslant\u00a0\u00bb bottom_divider_height=\u00a0\u00bb60px\u00a0\u00bb locked=\u00a0\u00bboff\u00a0\u00bb global_colors_info=\u00a0\u00bb{}\u00a0\u00bb background_color_gradient_direction__hover=\u00a0\u00bb180deg\u00a0\u00bb background_color_gradient_direction__hover_enabled=\u00a0\u00bb180deg\u00a0\u00bb background_color_gradient_start_position__hover=\u00a0\u00bb0%\u00a0\u00bb background_color_gradient_start_position__hover_enabled=\u00a0\u00bb0%\u00a0\u00bb background_color_gradient_end_position__hover=\u00a0\u00bb100%\u00a0\u00bb background_color_gradient_end_position__hover_enabled=\u00a0\u00bb100%\u00a0\u00bb background_color_gradient_stops__hover=\u00a0\u00bbrgba(0,0,0,0.4) 0%|rgba(0,0,0,0.4) 100%\u00a0\u00bb][et_pb_row admin_label=\u00a0\u00bbPage Title Area\u00a0\u00bb _builder_version=\u00a0\u00bb4.16&Prime; global_colors_info=\u00a0\u00bb{}\u00a0\u00bb][et_pb_column type=\u00a0\u00bb4_4&Prime; _builder_version=\u00a0\u00bb4.16&Prime; custom_padding=\u00a0\u00bb|||\u00a0\u00bb global_colors_info=\u00a0\u00bb{}\u00a0\u00bb custom_padding__hover=\u00a0\u00bb|||\u00a0\u00bb][et_pb_text admin_label=\u00a0\u00bbHero Section Title\u00a0\u00bb _builder_version=\u00a0\u00bb4.16&Prime; text_font=\u00a0\u00bbMontserrat||||||||\u00a0\u00bb text_font_size=\u00a0\u00bb18px\u00a0\u00bb text_line_height=\u00a0\u00bb1.8em\u00a0\u00bb header_font=\u00a0\u00bbMontserrat|600||on|||||\u00a0\u00bb header_font_size=\u00a0\u00bb48px\u00a0\u00bb header_letter_spacing=\u00a0\u00bb3px\u00a0\u00bb header_line_height=\u00a0\u00bb1.3em\u00a0\u00bb header_2_font=\u00a0\u00bbMontserrat|700|||||||\u00a0\u00bb header_2_text_color=\u00a0\u00bbrgba(255,255,255,0.6)\u00a0\u00bb header_2_font_size=\u00a0\u00bb90px\u00a0\u00bb header_2_letter_spacing=\u00a0\u00bb3px\u00a0\u00bb header_2_line_height=\u00a0\u00bb1.1em\u00a0\u00bb text_orientation=\u00a0\u00bbcenter\u00a0\u00bb background_layout=\u00a0\u00bbdark\u00a0\u00bb max_width=\u00a0\u00bb700px\u00a0\u00bb module_alignment=\u00a0\u00bbcenter\u00a0\u00bb custom_margin=\u00a0\u00bb|||\u00a0\u00bb animation_style=\u00a0\u00bbfade\u00a0\u00bb animation_direction=\u00a0\u00bbbottom\u00a0\u00bb header_font_size_tablet=\u00a0\u00bb\u00a0\u00bb header_font_size_phone=\u00a0\u00bb28px\u00a0\u00bb header_font_size_last_edited=\u00a0\u00bbon|phone\u00a0\u00bb header_2_font_size_tablet=\u00a0\u00bb\u00a0\u00bb header_2_font_size_phone=\u00a0\u00bb50px\u00a0\u00bb header_2_font_size_last_edited=\u00a0\u00bbon|phone\u00a0\u00bb global_colors_info=\u00a0\u00bb{}\u00a0\u00bb]<\/p>\n<h1>Nos prochaines visites &amp; workshops<\/h1>\n<p>Jetez un oeil, il y a s\u00fbrement quelque chose ici juste pour vous. N&rsquo;h\u00e9sitez pas \u00e0 vous en enregistrez !\u00a0<\/p>\n<p>[\/et_pb_text][\/et_pb_column][\/et_pb_row][\/et_pb_section][et_pb_section fb_built=\u00a0\u00bb1&Prime; admin_label=\u00a0\u00bbPricing Plan\u00a0\u00bb _builder_version=\u00a0\u00bb4.16&Prime; custom_padding=\u00a0\u00bb22px||0px|||\u00a0\u00bb locked=\u00a0\u00bboff\u00a0\u00bb global_colors_info=\u00a0\u00bb{}\u00a0\u00bb][et_pb_row _builder_version=\u00a0\u00bb4.16&Prime; global_colors_info=\u00a0\u00bb{}\u00a0\u00bb][et_pb_column type=\u00a0\u00bb4_4&Prime; _builder_version=\u00a0\u00bb4.16&Prime; global_colors_info=\u00a0\u00bb{}\u00a0\u00bb][et_pb_text _builder_version=\u00a0\u00bb4.16&Prime; locked=\u00a0\u00bboff\u00a0\u00bb global_colors_info=\u00a0\u00bb{}\u00a0\u00bb]<\/p>\n<p>Le milieu brassicole a connu depuis 25 ans en Europe de profondes mutations, et la bi\u00e8re jouit d\u2019un regain d\u2019int\u00e9r\u00eat pour des raisons extr\u00eamement vari\u00e9es, nobles et moins nobles. Une telle richesse, une telle vivacit\u00e9 suscite d\u00e9bats et des r\u00e9actions passionn\u00e9s. Il y a ceux qui adorent, en combinant \u00e0 l\u2019envi qualit\u00e9 et quantit\u00e9, qui passent leur temp libre \u00e0 visiter des brasseries, \u00e9trenner les festivals \u00e9t\u00e9 comme hiver, les d\u00eeners comment\u00e9s et les concours en groupes, ou ceux qui \u00e9clusent gaiement des bacs entre amis devant un excellent match ou un barbecue dominical. Il y a ceux \u00e0 l\u2019oppos\u00e9 qui ne peuvent en souffrir ne f\u00fbt-ce que l\u2019odeur, l\u2019\u00e9tat qu\u2019elle peut provoquer, ou simplement les images qu\u2019elle v\u00e9hicule. Chez Agalmalt, nous invitons les uns et les autres \u00e0 se rencontrer, \u00e0 faire entendre leurs points de vue, \u00e0 leur permettre de poser des mots sur leurs sensations, leurs appr\u00e9ciations, leurs a priori pour s\u2019approprier ce qu\u2019ils go\u00fbtent, et ce qui leur go\u00fbte. Tout cela autour d\u2019une bi\u00e8re, bien s\u00fbr. Parce qu\u2019\u00e9videmment, il y a de la bi\u00e8re pour ceux qui n\u2019aiment pas la bi\u00e8re. Oui oui. \u00a0<\/p>\n<h3>\u00a0<\/h3>\n<p>[\/et_pb_text][divi_events type=\u00a0\u00bbcalendar\u00a0\u00bb _builder_version=\u00a0\u00bb4.19.0&Prime; _module_preset=\u00a0\u00bbdefault\u00a0\u00bb global_colors_info=\u00a0\u00bb{}\u00a0\u00bb][\/divi_events][\/et_pb_column][\/et_pb_row][\/et_pb_section][et_pb_section fb_built=\u00a0\u00bb1&Prime; _builder_version=\u00a0\u00bb4.16&Prime; locked=\u00a0\u00bboff\u00a0\u00bb global_colors_info=\u00a0\u00bb{}\u00a0\u00bb][et_pb_row _builder_version=\u00a0\u00bb4.16&Prime; global_colors_info=\u00a0\u00bb{}\u00a0\u00bb][et_pb_column type=\u00a0\u00bb4_4&Prime; _builder_version=\u00a0\u00bb4.16&Prime; global_colors_info=\u00a0\u00bb{}\u00a0\u00bb][et_pb_divider _builder_version=\u00a0\u00bb4.16&Prime; global_colors_info=\u00a0\u00bb{}\u00a0\u00bb][\/et_pb_divider][\/et_pb_column][\/et_pb_row][et_pb_row _builder_version=\u00a0\u00bb4.16&Prime; global_colors_info=\u00a0\u00bb{}\u00a0\u00bb][et_pb_column type=\u00a0\u00bb4_4&Prime; _builder_version=\u00a0\u00bb4.16&Prime; global_colors_info=\u00a0\u00bb{}\u00a0\u00bb][et_pb_text _builder_version=\u00a0\u00bb4.19.0&Prime; text_font=\u00a0\u00bb|700|||||||\u00a0\u00bb text_text_color=\u00a0\u00bb#f16634&Prime; text_font_size=\u00a0\u00bb56px\u00a0\u00bb global_colors_info=\u00a0\u00bb{}\u00a0\u00bb]<\/p>\n<p>\u00c9V\u00c8NEMENTS PASS\u00c9S<\/p>\n<p>[\/et_pb_text][\/et_pb_column][\/et_pb_row][et_pb_row column_structure=\u00a0\u00bb1_4,3_4&Prime; _builder_version=\u00a0\u00bb4.16&Prime; global_colors_info=\u00a0\u00bb{}\u00a0\u00bb][et_pb_column type=\u00a0\u00bb1_4&Prime; _builder_version=\u00a0\u00bb4.16&Prime; global_colors_info=\u00a0\u00bb{}\u00a0\u00bb][et_pb_accordion _builder_version=\u00a0\u00bb4.19.0&Prime; toggle_font_size=\u00a0\u00bb20px\u00a0\u00bb width=\u00a0\u00bb100%\u00a0\u00bb global_colors_info=\u00a0\u00bb{}\u00a0\u00bb][et_pb_accordion_item title=\u00a0\u00bbMONTHLY BEER WORKSHOP\u00a0\u00bb open=\u00a0\u00bbon\u00a0\u00bb _builder_version=\u00a0\u00bb4.16&Prime; global_colors_info=\u00a0\u00bb{}\u00a0\u00bb]<\/p>\n<p><span style=\"font-size: 16px;\">Chaque mois, Agalmalt vous donne rendez-vous dans un chouette lieu bruxellois pour approcher ensemble une des nombreuses facettes de la bi\u00e8re. Ce sont nos Monthly Beer Workshops.<\/span><\/p>\n<p><span style=\"font-size: 16px;\"> 25 eur \/ 2H \/ d\u00e9bute \u00e0 19h30. \u00a0<\/span><\/p>\n<p>&nbsp;<\/p>\n<p>[\/et_pb_accordion_item][et_pb_accordion_item title=\u00a0\u00bbVISITES &#8211; NANOBRASSERIE ERMITAGE\u00a0\u00bb _builder_version=\u00a0\u00bb4.19.0&Prime; global_colors_info=\u00a0\u00bb{}\u00a0\u00bb open=\u00a0\u00bboff\u00a0\u00bb]<\/p>\n<p><span style=\"font-size: 16px;\">Agalmalt et l\u2019Ermite se retrouvent, pour explorer ensemble les vertus qui les guident dans leur chemin respectif: autonomie, ind\u00e9pendance, qu\u00eate \u00e9clair\u00e9e. Chaque 1er et 3\u00e8me vendredi du mois, la nanobrasserie de l\u2019Ermitage ouvre ses portes au public, Cedric en t\u00eate pour vous guider. 20 eur \/ 1h15 \/ d\u00e9gustations comprises. Sessions en fran\u00e7ais et en anglais.<\/span><\/p>\n<p><span style=\"font-size: 16px;\"> 25 eur \/ 2H \/ d\u00e9bute \u00e0 19h30. \u00a0<\/span><\/p>\n<p>&nbsp;<\/p>\n<p>[\/et_pb_accordion_item][et_pb_accordion_item title=\u00a0\u00bbBEER CLASS &#8211; CAFE CABERDOUCHE\u00a0\u00bb _builder_version=\u00a0\u00bb4.19.0&Prime; global_colors_info=\u00a0\u00bb{}\u00a0\u00bb open=\u00a0\u00bboff\u00a0\u00bb]<\/p>\n<p><span style=\"font-size: 16px;\">Chaque mois, Agalmalt propose au Caf\u00e9 Caberdouche un cycle de d\u00e9gustations \u00e0 vocation formative pour les connaisseurs et enthousiastes de l\u2019artisanat brassicole. Il vous fournira les cl\u00e9s essentielles pour faire votre chemin \u00e0 travers tout menu de bi\u00e8re et vous permettra de consolider vos connaissances de base indispensables. Il vous fera \u00e9galement d\u00e9guster 4 bi\u00e8res s\u00e9lectionn\u00e9es par ses soins. 30 eur \/ 1H30 En fran\u00e7ais.<\/span><\/p>\n<p><span style=\"font-size: 16px;\"> 25 eur \/ 2H \/ d\u00e9bute \u00e0 19h30. \u00a0<\/span><\/p>\n<p>&nbsp;<\/p>\n<p>[\/et_pb_accordion_item][\/et_pb_accordion][\/et_pb_column][et_pb_column type=\u00a0\u00bb3_4&Prime; _builder_version=\u00a0\u00bb4.16&Prime; global_colors_info=\u00a0\u00bb{}\u00a0\u00bb][et_pb_slider use_bg_overlay=\u00a0\u00bboff\u00a0\u00bb _builder_version=\u00a0\u00bb4.19.0&Prime; min_height=\u00a0\u00bb413px\u00a0\u00bb locked=\u00a0\u00bboff\u00a0\u00bb global_colors_info=\u00a0\u00bb{}\u00a0\u00bb][et_pb_slide heading=\u00a0\u00bbMONTHLY BEER WORKSHOP\u00a0\u00bb _builder_version=\u00a0\u00bb4.19.0&Prime; header_text_align=\u00a0\u00bbcenter\u00a0\u00bb body_text_align=\u00a0\u00bbcenter\u00a0\u00bb background_image=\u00a0\u00bbhttp:\/\/agalmalt.com\/apparence\/uploads\/2020\/02\/logo-Fermenthings.png\u00a0\u00bb background_enable_image=\u00a0\u00bbon\u00a0\u00bb background_size=\u00a0\u00bbinitial\u00a0\u00bb background_blend=\u00a0\u00bbexclusion\u00a0\u00bb text_orientation=\u00a0\u00bbcenter\u00a0\u00bb locked=\u00a0\u00bboff\u00a0\u00bb global_colors_info=\u00a0\u00bb{}\u00a0\u00bb sticky_transition=\u00a0\u00bbon\u00a0\u00bb]<\/p>\n<h2 style=\"text-align: center;\">16 APRIL 2020<\/h2>\n<p>&nbsp;<\/p>\n<p>[\/et_pb_slide][et_pb_slide heading=\u00a0\u00bbVISITES &#8211; NANOBRASSERIE ERMITAGE\u00a0\u00bb _builder_version=\u00a0\u00bb4.19.0&Prime; header_text_align=\u00a0\u00bbcenter\u00a0\u00bb background_image=\u00a0\u00bbhttp:\/\/agalmalt.com\/apparence\/uploads\/2020\/02\/Nanobrasserie-Ermitage-1.jpg\u00a0\u00bb background_enable_image=\u00a0\u00bbon\u00a0\u00bb background_size=\u00a0\u00bbinitial\u00a0\u00bb background_blend=\u00a0\u00bbexclusion\u00a0\u00bb text_orientation=\u00a0\u00bbcenter\u00a0\u00bb locked=\u00a0\u00bboff\u00a0\u00bb global_colors_info=\u00a0\u00bb{}\u00a0\u00bb sticky_transition=\u00a0\u00bbon\u00a0\u00bb]<\/p>\n<h2>14 MAY 2020<\/h2>\n<p>&nbsp;<\/p>\n<p>[\/et_pb_slide][et_pb_slide heading=\u00a0\u00bbBEER CLASS &#8211; CAFE CABERDOUCHE\u00a0\u00bb _builder_version=\u00a0\u00bb4.19.0&Prime; header_text_align=\u00a0\u00bbcenter\u00a0\u00bb background_image=\u00a0\u00bbhttp:\/\/agalmalt.com\/apparence\/uploads\/2020\/02\/logo-caberdouche.jpg\u00a0\u00bb background_enable_image=\u00a0\u00bbon\u00a0\u00bb background_blend=\u00a0\u00bbexclusion\u00a0\u00bb text_orientation=\u00a0\u00bbcenter\u00a0\u00bb locked=\u00a0\u00bboff\u00a0\u00bb global_colors_info=\u00a0\u00bb{}\u00a0\u00bb sticky_transition=\u00a0\u00bbon\u00a0\u00bb]<\/p>\n<h2>18 JUNE 2020<\/h2>\n<p>[\/et_pb_slide][\/et_pb_slider][\/et_pb_column][\/et_pb_row][et_pb_row _builder_version=\u00a0\u00bb4.19.0&Prime; _module_preset=\u00a0\u00bbdefault\u00a0\u00bb global_colors_info=\u00a0\u00bb{}\u00a0\u00bb][et_pb_column type=\u00a0\u00bb4_4&Prime; _builder_version=\u00a0\u00bb4.19.0&Prime; _module_preset=\u00a0\u00bbdefault\u00a0\u00bb global_colors_info=\u00a0\u00bb{}\u00a0\u00bb][divi_step_booking booking_params=\u00a0\u00bbon\u00a0\u00bb disabled_on=\u00a0\u00bbon|on|on\u00a0\u00bb _builder_version=\u00a0\u00bb4.19.0&Prime; _module_preset=\u00a0\u00bbdefault\u00a0\u00bb disabled=\u00a0\u00bbon\u00a0\u00bb global_colors_info=\u00a0\u00bb{}\u00a0\u00bb][\/divi_step_booking][\/et_pb_column][\/et_pb_row][\/et_pb_section]<\/p>\n","protected":false},"excerpt":{"rendered":"<p>Nos prochaines visites &amp; workshops Jetez un oeil, il y a s\u00fbrement quelque chose ici juste pour vous. N&rsquo;h\u00e9sitez pas \u00e0 vous en enregistrez !\u00a0Le milieu brassicole a connu depuis 25 ans en Europe de profondes mutations, et la bi\u00e8re jouit d\u2019un regain d\u2019int\u00e9r\u00eat pour des raisons extr\u00eamement vari\u00e9es, nobles et moins nobles. Une telle [&hellip;]<\/p>\n","protected":false},"author":8,"featured_media":0,"parent":0,"menu_order":3,"comment_status":"closed","ping_status":"closed","template":"","meta":{"_et_pb_use_builder":"on","_et_pb_old_content":"","_et_gb_content_width":"","footnotes":""},"_links":{"self":[{"href":"https:\/\/agalmalt.com\/fr\/wp-json\/wp\/v2\/pages\/1955"}],"collection":[{"href":"https:\/\/agalmalt.com\/fr\/wp-json\/wp\/v2\/pages"}],"about":[{"href":"https:\/\/agalmalt.com\/fr\/wp-json\/wp\/v2\/types\/page"}],"author":[{"embeddable":true,"href":"https:\/\/agalmalt.com\/fr\/wp-json\/wp\/v2\/users\/8"}],"replies":[{"embeddable":true,"href":"https:\/\/agalmalt.com\/fr\/wp-json\/wp\/v2\/comments?post=1955"}],"version-history":[{"count":64,"href":"https:\/\/agalmalt.com\/fr\/wp-json\/wp\/v2\/pages\/1955\/revisions"}],"predecessor-version":[{"id":2063,"href":"https:\/\/agalmalt.com\/fr\/wp-json\/wp\/v2\/pages\/1955\/revisions\/2063"}],"wp:attachment":[{"href":"https:\/\/agalmalt.com\/fr\/wp-json\/wp\/v2\/media?parent=1955"}],"curies":[{"name":"wp","href":"https:\/\/api.w.org\/{rel}","templated":true}]}}