{"id":1180,"date":"2020-03-31T18:38:54","date_gmt":"2020-03-31T16:38:54","guid":{"rendered":"https:\/\/agalmalt.com\/tours-tastings\/"},"modified":"2022-12-07T12:18:53","modified_gmt":"2022-12-07T11:18:53","slug":"tours-tastings","status":"publish","type":"page","link":"https:\/\/agalmalt.com\/fr\/tours-tastings\/","title":{"rendered":"Tours &#038; tastings"},"content":{"rendered":"<p>[et_pb_section fb_built=\u00a0\u00bb1&Prime; next_background_color=\u00a0\u00bb#f7f7f7&Prime; admin_label=\u00a0\u00bbHero Section\u00a0\u00bb _builder_version=\u00a0\u00bb4.16&Prime; background_color=\u00a0\u00bb#ffffff\u00a0\u00bb use_background_color_gradient=\u00a0\u00bbon\u00a0\u00bb background_color_gradient_stops=\u00a0\u00bbrgba(0,0,0,0) 0%|rgba(0,0,0,0) 100%\u00a0\u00bb background_color_gradient_overlays_image=\u00a0\u00bbon\u00a0\u00bb background_color_gradient_start=\u00a0\u00bbrgba(0,0,0,0)\u00a0\u00bb background_color_gradient_end=\u00a0\u00bbrgba(0,0,0,0)\u00a0\u00bb background_enable_image=\u00a0\u00bboff\u00a0\u00bb background_size=\u00a0\u00bbcontain\u00a0\u00bb width=\u00a0\u00bb90%\u00a0\u00bb max_width=\u00a0\u00bb90%\u00a0\u00bb custom_padding=\u00a0\u00bb0%||0%||true|\u00a0\u00bb bottom_divider_style=\u00a0\u00bbslant\u00a0\u00bb bottom_divider_height=\u00a0\u00bb60px\u00a0\u00bb global_colors_info=\u00a0\u00bb{}\u00a0\u00bb background_color_gradient_direction__hover=\u00a0\u00bb180deg\u00a0\u00bb background_color_gradient_direction__hover_enabled=\u00a0\u00bb180deg\u00a0\u00bb background_color_gradient_start_position__hover=\u00a0\u00bb0%\u00a0\u00bb background_color_gradient_start_position__hover_enabled=\u00a0\u00bb0%\u00a0\u00bb background_color_gradient_end_position__hover=\u00a0\u00bb100%\u00a0\u00bb background_color_gradient_end_position__hover_enabled=\u00a0\u00bb100%\u00a0\u00bb background_color_gradient_stops__hover=\u00a0\u00bbrgba(0,0,0,0) 0%|rgba(0,0,0,0) 100%\u00a0\u00bb][et_pb_row _builder_version=\u00a0\u00bb4.16&Prime; global_colors_info=\u00a0\u00bb{}\u00a0\u00bb][et_pb_column type=\u00a0\u00bb4_4&Prime; _builder_version=\u00a0\u00bb4.16&Prime; global_colors_info=\u00a0\u00bb{}\u00a0\u00bb][et_pb_image src=\u00a0\u00bbhttp:\/\/agalmalt.com\/apparence\/uploads\/2020\/03\/AGALMALT_LOGOTYPE_TOURS_TASTINGS_RVB_POS-1.jpg\u00a0\u00bb title_text=\u00a0\u00bbAgalmalt Logo &#8211; Sp\u00e9cialiste Bi\u00e8re &#8211; Zythologie &#8211; Bruxelles &#8211; Belgique &#8211; Tours &#038; Tasting\u00a0\u00bb _builder_version=\u00a0\u00bb4.19.0&Prime; width=\u00a0\u00bb30%\u00a0\u00bb max_width=\u00a0\u00bb30%\u00a0\u00bb module_alignment=\u00a0\u00bbcenter\u00a0\u00bb global_colors_info=\u00a0\u00bb{}\u00a0\u00bb][\/et_pb_image][\/et_pb_column][\/et_pb_row][\/et_pb_section][et_pb_section fb_built=\u00a0\u00bb1&Prime; admin_label=\u00a0\u00bbFeature 02&Prime; _builder_version=\u00a0\u00bb4.16&Prime; background_color=\u00a0\u00bb#f7f7f7&Prime; background_enable_image=\u00a0\u00bboff\u00a0\u00bb min_height=\u00a0\u00bb698px\u00a0\u00bb custom_padding=\u00a0\u00bb48px||0px|||\u00a0\u00bb global_colors_info=\u00a0\u00bb{}\u00a0\u00bb][et_pb_row column_structure=\u00a0\u00bb2_3,1_3&Prime; module_class=\u00a0\u00bb et_pb_row_fullwidth\u00a0\u00bb _builder_version=\u00a0\u00bb4.16&Prime; width=\u00a0\u00bb89%\u00a0\u00bb width_tablet=\u00a0\u00bb80%\u00a0\u00bb width_phone=\u00a0\u00bb\u00a0\u00bb width_last_edited=\u00a0\u00bbon|desktop\u00a0\u00bb max_width=\u00a0\u00bb89%\u00a0\u00bb max_width_tablet=\u00a0\u00bb80%\u00a0\u00bb max_width_phone=\u00a0\u00bb\u00a0\u00bb max_width_last_edited=\u00a0\u00bbon|desktop\u00a0\u00bb custom_margin=\u00a0\u00bb|||\u00a0\u00bb custom_padding=\u00a0\u00bb||50px|||\u00a0\u00bb make_fullwidth=\u00a0\u00bbon\u00a0\u00bb custom_width_px=\u00a0\u00bb1600px\u00a0\u00bb global_colors_info=\u00a0\u00bb{}\u00a0\u00bb][et_pb_column type=\u00a0\u00bb2_3&Prime; _builder_version=\u00a0\u00bb4.16&Prime; custom_padding=\u00a0\u00bb|||\u00a0\u00bb global_colors_info=\u00a0\u00bb{}\u00a0\u00bb custom_padding__hover=\u00a0\u00bb|||\u00a0\u00bb][et_pb_image src=\u00a0\u00bbhttp:\/\/agalmalt.com\/apparence\/uploads\/2020\/02\/18278775_10213081659414884_8867766881719866802_o.jpg\u00a0\u00bb title_text=\u00a0\u00bbCedric Jamar &#8211; Agalmalt &#8211; Brussels tours beer tasting\u00a0\u00bb _builder_version=\u00a0\u00bb4.19.0&Prime; animation_style=\u00a0\u00bbfold\u00a0\u00bb animation_direction=\u00a0\u00bbright\u00a0\u00bb global_colors_info=\u00a0\u00bb{}\u00a0\u00bb][\/et_pb_image][\/et_pb_column][et_pb_column type=\u00a0\u00bb1_3&Prime; _builder_version=\u00a0\u00bb4.16&Prime; custom_padding=\u00a0\u00bb|||\u00a0\u00bb global_colors_info=\u00a0\u00bb{}\u00a0\u00bb custom_padding__hover=\u00a0\u00bb|||\u00a0\u00bb][et_pb_text _builder_version=\u00a0\u00bb4.19.2&Prime; header_font=\u00a0\u00bb||||||||\u00a0\u00bb header_2_font=\u00a0\u00bbMontserrat|600|||||||\u00a0\u00bb header_2_line_height=\u00a0\u00bb1.5em\u00a0\u00bb custom_margin=\u00a0\u00bb||15px|\u00a0\u00bb animation_style=\u00a0\u00bbslide\u00a0\u00bb animation_direction=\u00a0\u00bbleft\u00a0\u00bb animation_intensity_slide=\u00a0\u00bb10%\u00a0\u00bb animation_starting_opacity=\u00a0\u00bb100%\u00a0\u00bb hover_enabled=\u00a0\u00bb0&Prime; global_colors_info=\u00a0\u00bb{}\u00a0\u00bb sticky_enabled=\u00a0\u00bb0&Prime;]<\/p>\n<h2>Tours<\/h2>\n<p>[\/et_pb_text][et_pb_text _builder_version=\u00a0\u00bb4.19.0&Prime; text_font=\u00a0\u00bb||||||||\u00a0\u00bb text_line_height=\u00a0\u00bb1.8em\u00a0\u00bb custom_margin=\u00a0\u00bb|||\u00a0\u00bb custom_padding=\u00a0\u00bb||10px|\u00a0\u00bb animation_style=\u00a0\u00bbslide\u00a0\u00bb animation_direction=\u00a0\u00bbleft\u00a0\u00bb animation_intensity_slide=\u00a0\u00bb10%\u00a0\u00bb animation_starting_opacity=\u00a0\u00bb100%\u00a0\u00bb global_colors_info=\u00a0\u00bb{}\u00a0\u00bb]<\/p>\n<p>Il y a un grand nombre de guides sur le march\u00e9 de la visite guid\u00e9e, et chacun pourra trouver chaussure \u00e0 son pied. Ce sera l&rsquo;occasion pour une <strong>d\u00e9gustation de bi\u00e8re \u00e0 Bruxelles<\/strong>.<\/p>\n<p>De notre c\u00f4t\u00e9, nous choisissons de travailler dans la bienveillance \u00e9pic\u00e9e, agr\u00e9ment\u00e9e de truculence, d\u2019irr\u00e9v\u00e9rence\u2026 et surtout de faits. D\u2019affirmations v\u00e9rifi\u00e9es. Notre champ \u00e9volue constamment, et il s\u2019agit pour nous de rester au courant des derni\u00e8res \u00e9volutions pour vous les transmettre, sans pour autant perdre de son ind\u00e9pendance.<\/p>\n<p>Loin de la r\u00e9p\u00e9tition de poncifs ressass\u00e9s, au-del\u00e0 de ce qui est entendu parce que transmis sans remise en question, nous proposons d\u2019accompagner cette exp\u00e9rience avec humour et s\u00e9rieux, <em>with an extra pinch of salt<\/em>.<\/p>\n<p>[\/et_pb_text][\/et_pb_column][\/et_pb_row][\/et_pb_section][et_pb_section fb_built=\u00a0\u00bb1&Prime; admin_label=\u00a0\u00bbFeature 02&Prime; _builder_version=\u00a0\u00bb4.16&Prime; background_color=\u00a0\u00bb#f7f7f7&Prime; min_height=\u00a0\u00bb634px\u00a0\u00bb custom_padding=\u00a0\u00bb0px||130px|||\u00a0\u00bb global_colors_info=\u00a0\u00bb{}\u00a0\u00bb][et_pb_row column_structure=\u00a0\u00bb1_3,1_3,1_3&Prime; module_class=\u00a0\u00bb et_pb_row_fullwidth\u00a0\u00bb _builder_version=\u00a0\u00bb4.19.0&Prime; width=\u00a0\u00bb89%\u00a0\u00bb width_tablet=\u00a0\u00bb80%\u00a0\u00bb width_phone=\u00a0\u00bb\u00a0\u00bb width_last_edited=\u00a0\u00bbon|desktop\u00a0\u00bb max_width=\u00a0\u00bb89%\u00a0\u00bb max_width_tablet=\u00a0\u00bb80%\u00a0\u00bb max_width_phone=\u00a0\u00bb\u00a0\u00bb max_width_last_edited=\u00a0\u00bbon|desktop\u00a0\u00bb custom_margin=\u00a0\u00bb|||\u00a0\u00bb make_fullwidth=\u00a0\u00bbon\u00a0\u00bb custom_width_px=\u00a0\u00bb1600px\u00a0\u00bb global_colors_info=\u00a0\u00bb{}\u00a0\u00bb][et_pb_column type=\u00a0\u00bb1_3&Prime; _builder_version=\u00a0\u00bb4.16&Prime; custom_padding=\u00a0\u00bb|||\u00a0\u00bb global_colors_info=\u00a0\u00bb{}\u00a0\u00bb custom_padding__hover=\u00a0\u00bb|||\u00a0\u00bb][et_pb_image src=\u00a0\u00bbhttp:\/\/agalmalt.com\/apparence\/uploads\/2020\/03\/IMG_20170617_163206-scaled-e1584222145364.jpg\u00a0\u00bb title_text=\u00a0\u00bbAgalmalt &#8211; Cedric Jamar &#8211; Sp\u00e9cialiste Bi\u00e8re &#8211; Zythologie &#8211; Bruxelles &#8211; Belgique &#8211; Tours &#038; Tasting\u00a0\u00bb align_tablet=\u00a0\u00bbcenter\u00a0\u00bb align_phone=\u00a0\u00bb\u00a0\u00bb align_last_edited=\u00a0\u00bbon|desktop\u00a0\u00bb _builder_version=\u00a0\u00bb4.19.0&Prime; animation_style=\u00a0\u00bbfade\u00a0\u00bb global_colors_info=\u00a0\u00bb{}\u00a0\u00bb][\/et_pb_image][\/et_pb_column][et_pb_column type=\u00a0\u00bb1_3&Prime; _builder_version=\u00a0\u00bb4.16&Prime; custom_padding=\u00a0\u00bb|||\u00a0\u00bb global_colors_info=\u00a0\u00bb{}\u00a0\u00bb custom_padding__hover=\u00a0\u00bb|||\u00a0\u00bb][et_pb_image src=\u00a0\u00bbhttp:\/\/agalmalt.com\/apparence\/uploads\/2020\/02\/IMG_20170617_163227-scaled.jpg\u00a0\u00bb title_text=\u00a0\u00bbAgalmalt beer tour &#8211; Tasting Experience Beer\u00a0\u00bb align_tablet=\u00a0\u00bbcenter\u00a0\u00bb align_phone=\u00a0\u00bb\u00a0\u00bb align_last_edited=\u00a0\u00bbon|desktop\u00a0\u00bb _builder_version=\u00a0\u00bb4.19.0&Prime; animation_style=\u00a0\u00bbfade\u00a0\u00bb global_colors_info=\u00a0\u00bb{}\u00a0\u00bb][\/et_pb_image][\/et_pb_column][et_pb_column type=\u00a0\u00bb1_3&Prime; _builder_version=\u00a0\u00bb4.16&Prime; custom_padding=\u00a0\u00bb|||\u00a0\u00bb global_colors_info=\u00a0\u00bb{}\u00a0\u00bb custom_padding__hover=\u00a0\u00bb|||\u00a0\u00bb][et_pb_image src=\u00a0\u00bbhttp:\/\/agalmalt.com\/apparence\/uploads\/2020\/02\/42643216_468617793625275_3520731382844227584_o.jpg\u00a0\u00bb title_text=\u00a0\u00bbCedric Jamar &#8211; Agalmalt &#8211; Degustation de biere &#8211; Tour de Bruxelles\u00a0\u00bb _builder_version=\u00a0\u00bb4.19.0&Prime; global_colors_info=\u00a0\u00bb{}\u00a0\u00bb][\/et_pb_image][\/et_pb_column][\/et_pb_row][\/et_pb_section][et_pb_section fb_built=\u00a0\u00bb1&Prime; prev_background_color=\u00a0\u00bb#f7f7f7&Prime; admin_label=\u00a0\u00bbFeature 03&Prime; _builder_version=\u00a0\u00bb4.16&Prime; min_height=\u00a0\u00bb1127px\u00a0\u00bb custom_padding=\u00a0\u00bb130px||130px|\u00a0\u00bb top_divider_style=\u00a0\u00bbslant\u00a0\u00bb top_divider_height=\u00a0\u00bb60px\u00a0\u00bb top_divider_flip=\u00a0\u00bbhorizontal\u00a0\u00bb global_colors_info=\u00a0\u00bb{}\u00a0\u00bb][et_pb_row column_structure=\u00a0\u00bb1_3,2_3&Prime; module_class=\u00a0\u00bb et_pb_row_fullwidth\u00a0\u00bb _builder_version=\u00a0\u00bb4.16&Prime; background_enable_image=\u00a0\u00bboff\u00a0\u00bb background_size=\u00a0\u00bbcontain\u00a0\u00bb background_position=\u00a0\u00bbcenter_right\u00a0\u00bb background_blend=\u00a0\u00bblighten\u00a0\u00bb width=\u00a0\u00bb89%\u00a0\u00bb width_tablet=\u00a0\u00bb80%\u00a0\u00bb width_phone=\u00a0\u00bb\u00a0\u00bb width_last_edited=\u00a0\u00bbon|desktop\u00a0\u00bb max_width=\u00a0\u00bb89%\u00a0\u00bb max_width_tablet=\u00a0\u00bb80%\u00a0\u00bb max_width_phone=\u00a0\u00bb\u00a0\u00bb max_width_last_edited=\u00a0\u00bbon|desktop\u00a0\u00bb custom_margin=\u00a0\u00bb|||\u00a0\u00bb animation_style=\u00a0\u00bbfade\u00a0\u00bb make_fullwidth=\u00a0\u00bbon\u00a0\u00bb custom_width_px=\u00a0\u00bb1600px\u00a0\u00bb locked=\u00a0\u00bboff\u00a0\u00bb global_colors_info=\u00a0\u00bb{}\u00a0\u00bb][et_pb_column type=\u00a0\u00bb1_3&Prime; _builder_version=\u00a0\u00bb4.16&Prime; custom_padding=\u00a0\u00bb|||\u00a0\u00bb global_colors_info=\u00a0\u00bb{}\u00a0\u00bb custom_padding__hover=\u00a0\u00bb|||\u00a0\u00bb][et_pb_text _builder_version=\u00a0\u00bb4.16&Prime; header_font=\u00a0\u00bb||||||||\u00a0\u00bb header_2_font=\u00a0\u00bbMontserrat|600|||||||\u00a0\u00bb header_2_line_height=\u00a0\u00bb1.5em\u00a0\u00bb custom_margin=\u00a0\u00bb||15px|\u00a0\u00bb animation_style=\u00a0\u00bbslide\u00a0\u00bb animation_direction=\u00a0\u00bbright\u00a0\u00bb animation_intensity_slide=\u00a0\u00bb10%\u00a0\u00bb animation_starting_opacity=\u00a0\u00bb100%\u00a0\u00bb global_colors_info=\u00a0\u00bb{}\u00a0\u00bb]<\/p>\n<h2>Tastings<\/h2>\n<p>&nbsp;<\/p>\n<p>&nbsp;[\/et_pb_text][et_pb_text _builder_version=\u00a0\u00bb4.19.0&Prime; text_font=\u00a0\u00bb||||||||\u00a0\u00bb text_line_height=\u00a0\u00bb1.8em\u00a0\u00bb custom_margin=\u00a0\u00bb|||\u00a0\u00bb custom_padding=\u00a0\u00bb||25px|||\u00a0\u00bb animation_style=\u00a0\u00bbslide\u00a0\u00bb animation_direction=\u00a0\u00bbright\u00a0\u00bb animation_intensity_slide=\u00a0\u00bb10%\u00a0\u00bb animation_starting_opacity=\u00a0\u00bb100%\u00a0\u00bb global_colors_info=\u00a0\u00bb{}\u00a0\u00bb]<\/p>\n<p>Boire une bi\u00e8re, c\u2019est une activit\u00e9 \u00e0 la port\u00e9e de tout individu. <em>Go\u00fbter<\/em> une bi\u00e8re par contre n\u2019est pas aussi simple qu\u2019il n\u2019y para\u00eet. Comprendre \u2013 non pas la bi\u00e8re, impossible \u2013 ce qui se passe lors d&rsquo;une <strong>d\u00e9gustation de bi\u00e8re \u00e0 Bruxelles<\/strong>\u00a0peut souvent d\u00e9courager sans d\u00e9codeur. Est-il possible d\u2019aller au-del\u00e0 du \u00ab\u00a0\u00e7a go\u00fbte la bi\u00e8re, quoi\u00a0\u00bb\u00a0?<\/p>\n<p>Notre travail, loin d\u2019imposer une quelconque vision, se veut lib\u00e9ratoire pour la <strong>d\u00e9gustation de bi\u00e8re<\/strong>. Notre objectif lui, pleinement assum\u00e9\u00a0: travailler \u00e0 l\u2019autonomisation et l\u2019ind\u00e9pendantisation de nos clients. Consommateurs, brasseurs, revendeurs\u00a0: tout le monde a le droit de choisir en toute connaissance de cause les bi\u00e8res qu\u2019il souhaite utiliser. \u00c0 l\u2019heure de la conscientisation de la consommation, du choix \u00e9clair\u00e9, il est indispensable de se donner les meilleurs outils en faveur de ce choix.<\/p>\n<p>Nous en proposons quelques-uns avec lesquels il est possible \u2013 non pas de tout savoir sur la bi\u00e8re, mais de se d\u00e9brouiller sans devoir avaler toutes sortes de couleuvres v\u00e9hicul\u00e9es trop facilement, trop vite, trop fort.<\/p>\n<p><strong>\u00c0 qui s\u2019adresse nos curiosit\u00e9s ? <\/strong><\/p>\n<p>D\u2019abord, \u00e0 celles et ceux qui aiment la bi\u00e8re. Celles et ceux qui ne l\u2019aiment pas. Ceux qui l\u2019affonnent, celles qui d\u00e9gustent la bi\u00e8re. Ceux qui ne jurent que par une seule, celles et ceux qui n\u2019en go\u00fbtent que des nouvelles, ceux qui les partagent dans leur salon ou sur Instagram, qui la cuisinent. Celles qui veulent une ambr\u00e9e et ceux qui \u00ab\u00a0pr\u00e9f\u00e8rent les blondes\u00a0\u00bb, les fortes, les am\u00e8res, celles qui la font mousser, ceux qui l\u2019aiment plate, qui la servent ou la traient, ceux qui en r\u00eavent, celles qui la brassent.<\/p>\n<p>Et tous les autres souhaitant une <strong>d\u00e9gustation de bi\u00e8re \u00e0 Bruxelles.<\/strong><\/p>\n<p>[\/et_pb_text][\/et_pb_column][et_pb_column type=\u00a0\u00bb2_3&Prime; _builder_version=\u00a0\u00bb4.16&Prime; custom_padding=\u00a0\u00bb|||\u00a0\u00bb global_colors_info=\u00a0\u00bb{}\u00a0\u00bb custom_padding__hover=\u00a0\u00bb|||\u00a0\u00bb][et_pb_image src=\u00a0\u00bbhttp:\/\/agalmalt.com\/apparence\/uploads\/2020\/03\/70685069_662291704257882_2778930388397981696_o.jpg\u00a0\u00bb title_text=\u00a0\u00bbCedric Jamar &#8211; Agalmalt &#8211; Degustation de biere &#8211; Tour de Bruxelles\u00a0\u00bb _builder_version=\u00a0\u00bb4.19.0&Prime; global_colors_info=\u00a0\u00bb{}\u00a0\u00bb][\/et_pb_image][\/et_pb_column][\/et_pb_row][\/et_pb_section][et_pb_section fb_built=\u00a0\u00bb1&Prime; admin_label=\u00a0\u00bbCTA Section\u00a0\u00bb _builder_version=\u00a0\u00bb4.16&Prime; background_color=\u00a0\u00bb#f16334&Prime; use_background_color_gradient=\u00a0\u00bbon\u00a0\u00bb background_color_gradient_stops=\u00a0\u00bb#f16334 0%|rgba(241,99,52,0.85) 100%\u00a0\u00bb background_color_gradient_overlays_image=\u00a0\u00bbon\u00a0\u00bb background_color_gradient_start=\u00a0\u00bb#f16334&Prime; background_color_gradient_end=\u00a0\u00bbrgba(241,99,52,0.85)\u00a0\u00bb background_image=\u00a0\u00bbhttps:\/\/agalmalt.com\/wp-content\/uploads\/2020\/02\/31743649_1749259505112479_8972961695307661312_o.jpg\u00a0\u00bb custom_margin=\u00a0\u00bb-84px|||||\u00a0\u00bb custom_padding=\u00a0\u00bb0px||0px|||\u00a0\u00bb global_colors_info=\u00a0\u00bb{}\u00a0\u00bb][et_pb_row admin_label=\u00a0\u00bbCTA Area\u00a0\u00bb _builder_version=\u00a0\u00bb4.16&Prime; custom_padding=\u00a0\u00bb54px|||||\u00a0\u00bb locked=\u00a0\u00bboff\u00a0\u00bb global_colors_info=\u00a0\u00bb{}\u00a0\u00bb][et_pb_column type=\u00a0\u00bb4_4&Prime; _builder_version=\u00a0\u00bb4.16&Prime; custom_padding=\u00a0\u00bb|||\u00a0\u00bb global_colors_info=\u00a0\u00bb{}\u00a0\u00bb custom_padding__hover=\u00a0\u00bb|||\u00a0\u00bb][et_pb_text _builder_version=\u00a0\u00bb4.16&Prime; text_font=\u00a0\u00bb||||||||\u00a0\u00bb text_font_size=\u00a0\u00bb30px\u00a0\u00bb text_line_height=\u00a0\u00bb1.5em\u00a0\u00bb text_orientation=\u00a0\u00bbcenter\u00a0\u00bb background_layout=\u00a0\u00bbdark\u00a0\u00bb module_alignment=\u00a0\u00bbcenter\u00a0\u00bb custom_padding=\u00a0\u00bb||20px|\u00a0\u00bb animation_style=\u00a0\u00bbflip\u00a0\u00bb animation_intensity_flip=\u00a0\u00bb20%\u00a0\u00bb animation_starting_opacity=\u00a0\u00bb200%\u00a0\u00bb global_colors_info=\u00a0\u00bb{}\u00a0\u00bb]COME IN. TAKE A SEAT. TAKE A TOUR. TAKE A SIP. LEARN. WANT MORE. CHALLENGE. SHARE. GET HOOKED.[\/et_pb_text][et_pb_button button_url=\u00a0\u00bb@ET-DC@eyJkeW5hbWljIjp0cnVlLCJjb250ZW50IjoicG9zdF9saW5rX3VybF9wYWdlIiwic2V0dGluZ3MiOnsicG9zdF9pZCI6IjIifX0=@\u00a0\u00bb button_text=\u00a0\u00bbAgenda\u00a0\u00bb button_alignment=\u00a0\u00bbcenter\u00a0\u00bb _builder_version=\u00a0\u00bb4.16&Prime; _dynamic_attributes=\u00a0\u00bbbutton_url\u00a0\u00bb button_text_size=\u00a0\u00bb16px\u00a0\u00bb button_text_color=\u00a0\u00bb#f16334&Prime; button_bg_color=\u00a0\u00bb#ffffff\u00a0\u00bb button_border_width=\u00a0\u00bb0px\u00a0\u00bb button_letter_spacing=\u00a0\u00bb2px\u00a0\u00bb button_font=\u00a0\u00bb|||on|||||\u00a0\u00bb background_layout=\u00a0\u00bbdark\u00a0\u00bb custom_margin=\u00a0\u00bb|||\u00a0\u00bb custom_padding=\u00a0\u00bb12px||12px|\u00a0\u00bb animation_style=\u00a0\u00bbfade\u00a0\u00bb button_letter_spacing_hover=\u00a0\u00bb2px\u00a0\u00bb global_colors_info=\u00a0\u00bb{}\u00a0\u00bb button_text_size__hover_enabled=\u00a0\u00bboff\u00a0\u00bb button_one_text_size__hover_enabled=\u00a0\u00bboff\u00a0\u00bb button_two_text_size__hover_enabled=\u00a0\u00bboff\u00a0\u00bb button_text_color__hover_enabled=\u00a0\u00bboff\u00a0\u00bb button_one_text_color__hover_enabled=\u00a0\u00bboff\u00a0\u00bb button_two_text_color__hover_enabled=\u00a0\u00bboff\u00a0\u00bb button_border_width__hover_enabled=\u00a0\u00bboff\u00a0\u00bb button_one_border_width__hover_enabled=\u00a0\u00bboff\u00a0\u00bb button_two_border_width__hover_enabled=\u00a0\u00bboff\u00a0\u00bb button_border_color__hover_enabled=\u00a0\u00bboff\u00a0\u00bb button_one_border_color__hover_enabled=\u00a0\u00bboff\u00a0\u00bb button_two_border_color__hover_enabled=\u00a0\u00bboff\u00a0\u00bb button_border_radius__hover_enabled=\u00a0\u00bboff\u00a0\u00bb button_one_border_radius__hover_enabled=\u00a0\u00bboff\u00a0\u00bb button_two_border_radius__hover_enabled=\u00a0\u00bboff\u00a0\u00bb button_letter_spacing__hover_enabled=\u00a0\u00bbon\u00a0\u00bb button_letter_spacing__hover=\u00a0\u00bb2px\u00a0\u00bb button_one_letter_spacing__hover_enabled=\u00a0\u00bboff\u00a0\u00bb button_two_letter_spacing__hover_enabled=\u00a0\u00bboff\u00a0\u00bb button_bg_color__hover_enabled=\u00a0\u00bboff\u00a0\u00bb button_one_bg_color__hover_enabled=\u00a0\u00bboff\u00a0\u00bb button_two_bg_color__hover_enabled=\u00a0\u00bboff\u00a0\u00bb][\/et_pb_button][\/et_pb_column][\/et_pb_row][\/et_pb_section]<\/p>\n","protected":false},"excerpt":{"rendered":"<p>ToursIl y a un grand nombre de guides sur le march\u00e9 de la visite guid\u00e9e, et chacun pourra trouver chaussure \u00e0 son pied. Ce sera l&rsquo;occasion pour une d\u00e9gustation de bi\u00e8re \u00e0 Bruxelles. De notre c\u00f4t\u00e9, nous choisissons de travailler dans la bienveillance \u00e9pic\u00e9e, agr\u00e9ment\u00e9e de truculence, d\u2019irr\u00e9v\u00e9rence\u2026 et surtout de faits. D\u2019affirmations v\u00e9rifi\u00e9es. Notre [&hellip;]<\/p>\n","protected":false},"author":1,"featured_media":0,"parent":0,"menu_order":10,"comment_status":"closed","ping_status":"closed","template":"","meta":{"_et_pb_use_builder":"on","_et_pb_old_content":"","_et_gb_content_width":"","footnotes":""},"_links":{"self":[{"href":"https:\/\/agalmalt.com\/fr\/wp-json\/wp\/v2\/pages\/1180"}],"collection":[{"href":"https:\/\/agalmalt.com\/fr\/wp-json\/wp\/v2\/pages"}],"about":[{"href":"https:\/\/agalmalt.com\/fr\/wp-json\/wp\/v2\/types\/page"}],"author":[{"embeddable":true,"href":"https:\/\/agalmalt.com\/fr\/wp-json\/wp\/v2\/users\/1"}],"replies":[{"embeddable":true,"href":"https:\/\/agalmalt.com\/fr\/wp-json\/wp\/v2\/comments?post=1180"}],"version-history":[{"count":34,"href":"https:\/\/agalmalt.com\/fr\/wp-json\/wp\/v2\/pages\/1180\/revisions"}],"predecessor-version":[{"id":2177,"href":"https:\/\/agalmalt.com\/fr\/wp-json\/wp\/v2\/pages\/1180\/revisions\/2177"}],"wp:attachment":[{"href":"https:\/\/agalmalt.com\/fr\/wp-json\/wp\/v2\/media?parent=1180"}],"curies":[{"name":"wp","href":"https:\/\/api.w.org\/{rel}","templated":true}]}}